{"id":2744,"date":"2016-07-26T16:04:40","date_gmt":"2016-07-26T15:04:40","guid":{"rendered":"http:\/\/sea-solucoes.com\/site\/?page_id=2744"},"modified":"2016-07-26T16:19:55","modified_gmt":"2016-07-26T15:19:55","slug":"tipo-de-adesao","status":"publish","type":"page","link":"https:\/\/sea-solucoes.com\/site\/tipo-de-adesao\/","title":{"rendered":"Escolha o tipo de or\u00e7amento gr\u00e1tis que pretende :"},"content":{"rendered":"<h3 style=\"text-align: left;\">Tipo de ades\u00e3o ?<\/h3>\n<p>&nbsp;<\/p>\n<a href=\"http:\/\/sea-solucoes.com\/site\/orcamento-online\/\" title=\"ONLINE ( 20% de Desconto )\" class=\"btn btn-default btn-large btn-inline \" target=\"_self\">ONLINE ( 20% de Desconto )<\/a><!-- .btn -->\n<BR><br \/>\n<a href=\"http:\/\/sea-solucoes.com\/site\/orcamento-gratuito\/\" title=\"Presencial (Reuni\u00e3o nas suas instala\u00e7\u00f5es)\" class=\"btn btn-default btn-large btn-inline \" target=\"_self\">Presencial (Reuni\u00e3o nas suas instala\u00e7\u00f5es)<\/a><!-- .btn -->\n<p style=\"text-align: center;\">\n","protected":false},"excerpt":{"rendered":"Tipo de ades\u00e3o ? &nbsp;","protected":false},"author":1,"featured_media":0,"parent":0,"menu_order":0,"comment_status":"closed","ping_status":"closed","template":"page-fullwidth.php","meta":[],"yoast_head":"<!-- This site is optimized with the Yoast SEO plugin v15.5 - https:\/\/yoast.com\/wordpress\/plugins\/seo\/ -->\n<meta name=\"robots\" content=\"index, follow, max-snippet:-1, max-image-preview:large, max-video-preview:-1\" \/>\n<link rel=\"canonical\" href=\"https:\/\/sea-solucoes.com\/site\/tipo-de-adesao\/\" \/>\n<meta property=\"og:locale\" content=\"pt_PT\" \/>\n<meta property=\"og:type\" content=\"article\" \/>\n<meta property=\"og:title\" content=\"Escolha o tipo de or\u00e7amento gr\u00e1tis que pretende : - SEA Solu\u00e7\u00f5es\" \/>\n<meta property=\"og:description\" content=\"Tipo de ades\u00e3o ? &nbsp;\" \/>\n<meta property=\"og:url\" content=\"https:\/\/sea-solucoes.com\/site\/tipo-de-adesao\/\" \/>\n<meta property=\"og:site_name\" content=\"SEA Solu\u00e7\u00f5es\" \/>\n<meta property=\"article:publisher\" content=\"https:\/\/www.facebook.com\/seasolucoes\" \/>\n<meta property=\"article:modified_time\" content=\"2016-07-26T15:19:55+00:00\" \/>\n<meta name=\"twitter:label1\" content=\"Est. reading time\">\n\t<meta name=\"twitter:data1\" content=\"0 minutos\">\n<script type=\"application\/ld+json\" class=\"yoast-schema-graph\">{\"@context\":\"https:\/\/schema.org\",\"@graph\":[{\"@type\":\"WebSite\",\"@id\":\"https:\/\/sea-solucoes.com\/site\/#website\",\"url\":\"https:\/\/sea-solucoes.com\/site\/\",\"name\":\"SEA Solu\\u00e7\\u00f5es\",\"description\":\"Servi\\u00e7os de Higiene, seguran\\u00e7a e sa\\u00fade no trabalho, Higiene e seguran\\u00e7a alimentar Haccp, Ambiente e Licenciamentos Industriais e Operadores de Gest\\u00e3o de Res\\u00edduos. Forma\\u00e7\\u00e3o e medi\\u00e7\\u00f5es. Psicologia no trabalho. Seguran\\u00e7a contra inc\\u00eandios. \\u00c1guas Santas - Maia - Porto\",\"potentialAction\":[{\"@type\":\"SearchAction\",\"target\":\"https:\/\/sea-solucoes.com\/site\/?s={search_term_string}\",\"query-input\":\"required name=search_term_string\"}],\"inLanguage\":\"pt-PT\"},{\"@type\":\"WebPage\",\"@id\":\"https:\/\/sea-solucoes.com\/site\/tipo-de-adesao\/#webpage\",\"url\":\"https:\/\/sea-solucoes.com\/site\/tipo-de-adesao\/\",\"name\":\"Escolha o tipo de or\\u00e7amento gr\\u00e1tis que pretende : - SEA Solu\\u00e7\\u00f5es\",\"isPartOf\":{\"@id\":\"https:\/\/sea-solucoes.com\/site\/#website\"},\"datePublished\":\"2016-07-26T15:04:40+00:00\",\"dateModified\":\"2016-07-26T15:19:55+00:00\",\"inLanguage\":\"pt-PT\",\"potentialAction\":[{\"@type\":\"ReadAction\",\"target\":[\"https:\/\/sea-solucoes.com\/site\/tipo-de-adesao\/\"]}]}]}<\/script>\n<!-- \/ Yoast SEO plugin. -->","_links":{"self":[{"href":"https:\/\/sea-solucoes.com\/site\/wp-json\/wp\/v2\/pages\/2744"}],"collection":[{"href":"https:\/\/sea-solucoes.com\/site\/wp-json\/wp\/v2\/pages"}],"about":[{"href":"https:\/\/sea-solucoes.com\/site\/wp-json\/wp\/v2\/types\/page"}],"author":[{"embeddable":true,"href":"https:\/\/sea-solucoes.com\/site\/wp-json\/wp\/v2\/users\/1"}],"replies":[{"embeddable":true,"href":"https:\/\/sea-solucoes.com\/site\/wp-json\/wp\/v2\/comments?post=2744"}],"version-history":[{"count":5,"href":"https:\/\/sea-solucoes.com\/site\/wp-json\/wp\/v2\/pages\/2744\/revisions"}],"predecessor-version":[{"id":2750,"href":"https:\/\/sea-solucoes.com\/site\/wp-json\/wp\/v2\/pages\/2744\/revisions\/2750"}],"wp:attachment":[{"href":"https:\/\/sea-solucoes.com\/site\/wp-json\/wp\/v2\/media?parent=2744"}],"curies":[{"name":"wp","href":"https:\/\/api.w.org\/{rel}","templated":true}]}}