{"id":2721,"date":"2016-07-25T17:26:21","date_gmt":"2016-07-25T16:26:21","guid":{"rendered":"http:\/\/sea-solucoes.com\/site\/?page_id=2721"},"modified":"2018-06-05T23:48:18","modified_gmt":"2018-06-05T22:48:18","slug":"orcamento-gratuito","status":"publish","type":"page","link":"https:\/\/sea-solucoes.com\/site\/orcamento-gratuito\/","title":{"rendered":"Pe\u00e7a o seu or\u00e7amento gratuito &#8211; Ades\u00e3o Presencial"},"content":{"rendered":"<h3><strong>Pedido de Contacto :<\/strong><\/h3>\n<h4><span style=\"color: #ff0000;\">*<\/span> campo obrigat\u00f3rio<\/h4>\n<p>&nbsp;<\/p>\n<h4><div role=\"form\" class=\"wpcf7\" id=\"wpcf7-f3081-o1\" lang=\"pt-PT\" dir=\"ltr\">\n<div class=\"screen-reader-response\"><p role=\"status\" aria-live=\"polite\" aria-atomic=\"true\"><\/p> <ul><\/ul><\/div>\n<form action=\"\/site\/wp-json\/wp\/v2\/pages\/2721#wpcf7-f3081-o1\" method=\"post\" class=\"wpcf7-form init\" novalidate=\"novalidate\" data-status=\"init\">\n<div style=\"display: none;\">\n<input type=\"hidden\" name=\"_wpcf7\" value=\"3081\" \/>\n<input type=\"hidden\" name=\"_wpcf7_version\" value=\"5.3.1\" \/>\n<input type=\"hidden\" name=\"_wpcf7_locale\" value=\"pt_PT\" \/>\n<input type=\"hidden\" name=\"_wpcf7_unit_tag\" value=\"wpcf7-f3081-o1\" \/>\n<input type=\"hidden\" name=\"_wpcf7_container_post\" value=\"0\" \/>\n<input type=\"hidden\" name=\"_wpcf7_posted_data_hash\" value=\"\" \/>\n<\/div>\n<p><strong>Telefone \/ telem\u00f3vel <span style=\"color: #ff0000;\">*<\/span><\/strong><br \/>\n    <span class=\"wpcf7-form-control-wrap tel-420\"><input type=\"tel\" name=\"tel-420\" value=\"\" size=\"40\" class=\"wpcf7-form-control wpcf7-text wpcf7-tel wpcf7-validates-as-required wpcf7-validates-as-tel\" aria-required=\"true\" aria-invalid=\"false\" \/><\/span><\/p>\n<p><strong>O seu email <span style=\"color: #ff0000;\">*<\/span><\/strong><br \/>\n    <span class=\"wpcf7-form-control-wrap your-email\"><input type=\"email\" name=\"your-email\" value=\"\" size=\"40\" class=\"wpcf7-form-control wpcf7-text wpcf7-email wpcf7-validates-as-required wpcf7-validates-as-email\" aria-required=\"true\" aria-invalid=\"false\" \/><\/span> <\/p>\n<p><strong>Localidade <span style=\"color: #ff0000;\">*<\/span><\/strong><br \/>\n    <span class=\"wpcf7-form-control-wrap localidade\"><input type=\"text\" name=\"localidade\" value=\"\" size=\"40\" class=\"wpcf7-form-control wpcf7-text\" aria-invalid=\"false\" \/><\/span><\/p>\n<p><br><\/p>\n<p><span class=\"wpcf7-form-control-wrap acceptance-744\"><span class=\"wpcf7-form-control wpcf7-acceptance\"><span class=\"wpcf7-list-item\"><label><input type=\"checkbox\" name=\"acceptance-744\" value=\"1\" aria-invalid=\"false\" \/><span class=\"wpcf7-list-item-label\">Autorizo o tratamento dos meus dados pessoais, por forma a S.E.A Business Solutions Lda contactar-me no \u00e2mbito dos servi\u00e7os comercializados.<\/span><\/label><\/span><\/span><\/span><\/p>\n<p><span class=\"wpcf7-form-control-wrap acceptance-622\"><span class=\"wpcf7-form-control wpcf7-acceptance\"><span class=\"wpcf7-list-item\"><label><input type=\"checkbox\" name=\"acceptance-622\" value=\"1\" aria-invalid=\"false\" \/><span class=\"wpcf7-list-item-label\">Aceito a pol\u00edtica de privacidade de dados da S.E.A Business Solutions Lda.<\/span><\/label><\/span><\/span><\/span><\/p>\n<h5><em>Consultar a pol\u00edtica de privacidade de dados atrav\u00e9s do link dispon\u00edvel no rodap\u00e9 desta p\u00e1gina.<\/em><\/h5>\n<p><br><\/p>\n<p><input type=\"submit\" value=\"Enviar\" class=\"wpcf7-form-control wpcf7-submit\" \/><\/p>\n<p><br><br \/>\n<br><\/p>\n<div class=\"inv-recaptcha-holder\"><\/div><div class=\"wpcf7-response-output\" aria-hidden=\"true\"><\/div><\/form><\/div><\/h4>\n","protected":false},"excerpt":{"rendered":"Pedido de Contacto : * campo obrigat\u00f3rio &nbsp; Telefone \/ telem\u00f3vel * O seu email * Localidade * Autorizo o tratamento dos meus dados pessoais, por forma a S.E.A Business Solutions Lda contactar-me no \u00e2mbito dos servi\u00e7os comercializados. Aceito a pol\u00edtica de privacidade de dados da S.E.A Business Solutions Lda. Consultar a pol\u00edtica de privacidade de dados atrav\u00e9s do link&nbsp;<a href=\"https:\/\/sea-solucoes.com\/site\/orcamento-gratuito\/\" class=\"read-more\">Continue Reading<\/a>","protected":false},"author":1,"featured_media":0,"parent":0,"menu_order":0,"comment_status":"closed","ping_status":"closed","template":"page-fullwidth.php","meta":[],"yoast_head":"<!-- This site is optimized with the Yoast SEO plugin v15.5 - https:\/\/yoast.com\/wordpress\/plugins\/seo\/ -->\n<meta name=\"robots\" content=\"index, follow, max-snippet:-1, max-image-preview:large, max-video-preview:-1\" \/>\n<link rel=\"canonical\" href=\"https:\/\/sea-solucoes.com\/site\/orcamento-gratuito\/\" \/>\n<meta property=\"og:locale\" content=\"pt_PT\" \/>\n<meta property=\"og:type\" content=\"article\" \/>\n<meta property=\"og:title\" content=\"Pe\u00e7a o seu or\u00e7amento gratuito - Ades\u00e3o Presencial - SEA Solu\u00e7\u00f5es\" \/>\n<meta property=\"og:description\" content=\"Pedido de Contacto : * campo obrigat\u00f3rio &nbsp; Telefone \/ telem\u00f3vel * O seu email * Localidade * Autorizo o tratamento dos meus dados pessoais, por forma a S.E.A Business Solutions Lda contactar-me no \u00e2mbito dos servi\u00e7os comercializados. Aceito a pol\u00edtica de privacidade de dados da S.E.A Business Solutions Lda. Consultar a pol\u00edtica de privacidade de dados atrav\u00e9s do link&nbsp;Continue Reading\" \/>\n<meta property=\"og:url\" content=\"https:\/\/sea-solucoes.com\/site\/orcamento-gratuito\/\" \/>\n<meta property=\"og:site_name\" content=\"SEA Solu\u00e7\u00f5es\" \/>\n<meta property=\"article:publisher\" content=\"https:\/\/www.facebook.com\/seasolucoes\" \/>\n<meta property=\"article:modified_time\" content=\"2018-06-05T22:48:18+00:00\" \/>\n<meta name=\"twitter:label1\" content=\"Est. reading time\">\n\t<meta name=\"twitter:data1\" content=\"0 minutos\">\n<script type=\"application\/ld+json\" class=\"yoast-schema-graph\">{\"@context\":\"https:\/\/schema.org\",\"@graph\":[{\"@type\":\"WebSite\",\"@id\":\"https:\/\/sea-solucoes.com\/site\/#website\",\"url\":\"https:\/\/sea-solucoes.com\/site\/\",\"name\":\"SEA Solu\\u00e7\\u00f5es\",\"description\":\"Servi\\u00e7os de Higiene, seguran\\u00e7a e sa\\u00fade no trabalho, Higiene e seguran\\u00e7a alimentar Haccp, Ambiente e Licenciamentos Industriais e Operadores de Gest\\u00e3o de Res\\u00edduos. Forma\\u00e7\\u00e3o e medi\\u00e7\\u00f5es. Psicologia no trabalho. Seguran\\u00e7a contra inc\\u00eandios. \\u00c1guas Santas - Maia - Porto\",\"potentialAction\":[{\"@type\":\"SearchAction\",\"target\":\"https:\/\/sea-solucoes.com\/site\/?s={search_term_string}\",\"query-input\":\"required name=search_term_string\"}],\"inLanguage\":\"pt-PT\"},{\"@type\":\"WebPage\",\"@id\":\"https:\/\/sea-solucoes.com\/site\/orcamento-gratuito\/#webpage\",\"url\":\"https:\/\/sea-solucoes.com\/site\/orcamento-gratuito\/\",\"name\":\"Pe\\u00e7a o seu or\\u00e7amento gratuito - Ades\\u00e3o Presencial - SEA Solu\\u00e7\\u00f5es\",\"isPartOf\":{\"@id\":\"https:\/\/sea-solucoes.com\/site\/#website\"},\"datePublished\":\"2016-07-25T16:26:21+00:00\",\"dateModified\":\"2018-06-05T22:48:18+00:00\",\"inLanguage\":\"pt-PT\",\"potentialAction\":[{\"@type\":\"ReadAction\",\"target\":[\"https:\/\/sea-solucoes.com\/site\/orcamento-gratuito\/\"]}]}]}<\/script>\n<!-- \/ Yoast SEO plugin. -->","_links":{"self":[{"href":"https:\/\/sea-solucoes.com\/site\/wp-json\/wp\/v2\/pages\/2721"}],"collection":[{"href":"https:\/\/sea-solucoes.com\/site\/wp-json\/wp\/v2\/pages"}],"about":[{"href":"https:\/\/sea-solucoes.com\/site\/wp-json\/wp\/v2\/types\/page"}],"author":[{"embeddable":true,"href":"https:\/\/sea-solucoes.com\/site\/wp-json\/wp\/v2\/users\/1"}],"replies":[{"embeddable":true,"href":"https:\/\/sea-solucoes.com\/site\/wp-json\/wp\/v2\/comments?post=2721"}],"version-history":[{"count":20,"href":"https:\/\/sea-solucoes.com\/site\/wp-json\/wp\/v2\/pages\/2721\/revisions"}],"predecessor-version":[{"id":3083,"href":"https:\/\/sea-solucoes.com\/site\/wp-json\/wp\/v2\/pages\/2721\/revisions\/3083"}],"wp:attachment":[{"href":"https:\/\/sea-solucoes.com\/site\/wp-json\/wp\/v2\/media?parent=2721"}],"curies":[{"name":"wp","href":"https:\/\/api.w.org\/{rel}","templated":true}]}}