{"id":203,"date":"2011-09-14T09:45:02","date_gmt":"2011-09-14T09:45:02","guid":{"rendered":"http:\/\/sea-solucoes.com\/site\/"},"modified":"2025-07-07T17:22:04","modified_gmt":"2025-07-07T16:22:04","slug":"home","status":"publish","type":"page","link":"https:\/\/sea-solucoes.com\/site\/","title":{"rendered":"Home"},"content":{"rendered":"<p><script src=\"https:\/\/mylivechat.com\/chatinline.aspx?hccid=96516801\" async=\"async\" defer=\"defer\" type=\"text\/javascript\" data-cfasync=\"false\"><\/script><\/p>\n<section class=\"lazy-load-box trigger effect-slidefromright \" data-delay=\"80\" data-speed=\"550\" style=\"-webkit-transition: all 550ms ease; -moz-transition: all 550ms ease; -ms-transition: all 550ms ease; -o-transition: all 550ms ease; transition: all 550ms ease;\"><div class=\"hero-unit \"><h1>Crescemos juntos<\/h1><p> <\/p><\/div><!-- .hero-unit (end) --><\/section><div class=\"row-fluid \"><div class=\"span3 \"><section class=\"lazy-load-box trigger effect-slidefromleft \" data-delay=\"580\" data-speed=\"400\" style=\"-webkit-transition: all 400ms ease; -moz-transition: all 400ms ease; -ms-transition: all 400ms ease; -o-transition: all 400ms ease; transition: all 400ms ease;\"><div class=\"service-box \"><div class=\"extrabox\"><figure class=\"icon\"><i class=\"icon-suitcase\"><\/i><span>4<\/span><\/figure><\/div><div class=\"service-box_body\"><h2 class=\"title\"><a href=\"http:\/\/sea-solucoes.com\/site\/higiene-seguranca-saude-trabalho\/\" title=\"Higiene e Seguran\u00e7a e Sa\u00fade no Trabalho\" target=\"_self\">Higiene e Seguran\u00e7a e Sa\u00fade no Trabalho<\/a><\/h2><h5 class=\"sub-title\">servi\u00e7os<\/h5><div class=\"service-box_txt\">Prevenir, controlar e identificar \u00e9 o nosso objetivo.<\/div><div class=\"btn-align\"><a href=\"http:\/\/sea-solucoes.com\/site\/higiene-seguranca-saude-trabalho\/\" title=\"Mais info\" class=\"btn btn-inverse btn-normal btn-primary \" target=\"_self\">Mais info<\/a><\/div><\/div><\/div><!-- \/Service Box --><\/section><\/div><div class=\"span3 \"><section class=\"lazy-load-box trigger effect-slidefromleft \" data-delay=\"480\" data-speed=\"400\" style=\"-webkit-transition: all 400ms ease; -moz-transition: all 400ms ease; -ms-transition: all 400ms ease; -o-transition: all 400ms ease; transition: all 400ms ease;\"><div class=\"service-box \"><div class=\"extrabox\"><figure class=\"icon\"><i class=\"icon-suitcase\"><\/i><span>4<\/span><\/figure><\/div><div class=\"service-box_body\"><h2 class=\"title\"><a href=\"http:\/\/sea-solucoes.com\/site\/higiene-seguranca-alimentar\/\" title=\"Higiene e Seguran\u00e7a Alimentar (HACCP)\" target=\"_self\">Higiene e Seguran\u00e7a Alimentar (HACCP)<\/a><\/h2><h5 class=\"sub-title\">servi\u00e7os<\/h5><div class=\"service-box_txt\">Porque a Sa\u00fade P\u00fablica \u00e9 uma preocupa\u00e7\u00e3o de todos n\u00f3s.<\/div><div class=\"btn-align\"><a href=\"http:\/\/sea-solucoes.com\/site\/higiene-seguranca-alimentar\/\" title=\"Mais info\" class=\"btn btn-inverse btn-normal btn-primary \" target=\"_self\">Mais info<\/a><\/div><\/div><\/div><!-- \/Service Box --><\/section><\/div><div class=\"span3 \"><section class=\"lazy-load-box trigger effect-slidefromleft \" data-delay=\"380\" data-speed=\"400\" style=\"-webkit-transition: all 400ms ease; -moz-transition: all 400ms ease; -ms-transition: all 400ms ease; -o-transition: all 400ms ease; transition: all 400ms ease;\"><div class=\"service-box \"><div class=\"extrabox\"><figure class=\"icon\"><i class=\"icon-suitcase\"><\/i><span>4<\/span><\/figure><\/div><div class=\"service-box_body\"><h2 class=\"title\"><a href=\"http:\/\/sea-solucoes.com\/site\/formacao\/\" title=\"Forma\u00e7\u00e3o\" target=\"_self\">Forma\u00e7\u00e3o<\/a><\/h2><h5 class=\"sub-title\">servi\u00e7os<\/h5><div class=\"service-box_txt\">qualifica\u00e7\u00e3o e forma\u00e7\u00e3o dos seus colaboradores \u00e9 a chave para o crescimento da sua empresa.<\/div><div class=\"btn-align\"><a href=\"http:\/\/sea-solucoes.com\/site\/formacao\/\" title=\"Mais info\" class=\"btn btn-inverse btn-normal btn-primary \" target=\"_self\">Mais info<\/a><\/div><\/div><\/div><!-- \/Service Box --><\/section><\/div><div class=\"span3 \"><section class=\"lazy-load-box trigger effect-slidefromleft \" data-delay=\"280\" data-speed=\"400\" style=\"-webkit-transition: all 400ms ease; -moz-transition: all 400ms ease; -ms-transition: all 400ms ease; -o-transition: all 400ms ease; transition: all 400ms ease;\"><div class=\"service-box \"><div class=\"extrabox\"><figure class=\"icon\"><i class=\"icon-suitcase\"><\/i><span>4<\/span><\/figure><\/div><div class=\"service-box_body\"><h2 class=\"title\"><a href=\"http:\/\/sea-solucoes.com\/site\/ambiente\/\" title=\"Ambiente\" target=\"_self\">Ambiente<\/a><\/h2><h5 class=\"sub-title\">servi\u00e7os<\/h5><div class=\"service-box_txt\">Preocupa\u00e7\u00e3o ambiental \u00e9 o nosso lema. Ajude-nos a fazer a sua parte.<\/div><div class=\"btn-align\"><a href=\"http:\/\/sea-solucoes.com\/site\/ambiente\/\" title=\"Mais info\" class=\"btn btn-inverse btn-normal btn-primary \" target=\"_self\">Mais info<\/a><\/div><\/div><\/div><!-- \/Service Box --><\/section><\/div><\/div> <!-- .row-fluid (end) --><div class=\"row \"><div class=\"span3 \"><section class=\"lazy-load-box trigger effect-slidefromleft \" data-delay=\"280\" data-speed=\"400\" style=\"-webkit-transition: all 400ms ease; -moz-transition: all 400ms ease; -ms-transition: all 400ms ease; -o-transition: all 400ms ease; transition: all 400ms ease;\"><div class=\"service-box \"><div class=\"extrabox\"><figure class=\"icon\"><i class=\"icon-suitcase\"><\/i><span>4<\/span><\/figure><\/div><div class=\"service-box_body\"><h2 class=\"title\"><a href=\"http:\/\/sea-solucoes.com\/site\/servicos-medicoes\/\" title=\"Medi\u00e7\u00f5es\" target=\"_self\">Medi\u00e7\u00f5es<\/a><\/h2><h5 class=\"sub-title\">servi\u00e7os<\/h5><div class=\"service-box_txt\">Servi\u00e7os t\u00e9cnicos de medi\u00e7\u00e3o.<\/div><div class=\"btn-align\"><a href=\"http:\/\/sea-solucoes.com\/site\/servicos-medicoes\/\" title=\"Mais info\" class=\"btn btn-inverse btn-normal btn-primary \" target=\"_self\">Mais info<\/a><\/div><\/div><\/div><!-- \/Service Box --><\/section><\/div><div class=\"span3 \"><section class=\"lazy-load-box trigger effect-slidefromleft \" data-delay=\"280\" data-speed=\"400\" style=\"-webkit-transition: all 400ms ease; -moz-transition: all 400ms ease; -ms-transition: all 400ms ease; -o-transition: all 400ms ease; transition: all 400ms ease;\"><div class=\"service-box \"><div class=\"extrabox\"><figure class=\"icon\"><i class=\"icon-suitcase\"><\/i><span>4<\/span><\/figure><\/div><div class=\"service-box_body\"><h2 class=\"title\"><a href=\"http:\/\/sea-solucoes.com\/site\/servicos-psicologia-no-trabalho\/\" title=\"Consultadoria em Psicologia no trabalho\" target=\"_self\">Consultadoria em Psicologia no trabalho<\/a><\/h2><h5 class=\"sub-title\">servi\u00e7os<\/h5><div class=\"service-box_txt\">Melhore o desempenho dos seus colaboradores.<\/div><div class=\"btn-align\"><a href=\"http:\/\/sea-solucoes.com\/site\/servicos-psicologia-no-trabalho\/\" title=\"Mais info\" class=\"btn btn-inverse btn-normal btn-primary \" target=\"_self\">Mais info<\/a><\/div><\/div><\/div><!-- \/Service Box --><\/section><\/div><div class=\"span3 \"><section class=\"lazy-load-box trigger effect-slidefromleft \" data-delay=\"280\" data-speed=\"400\" style=\"-webkit-transition: all 400ms ease; -moz-transition: all 400ms ease; -ms-transition: all 400ms ease; -o-transition: all 400ms ease; transition: all 400ms ease;\"><div class=\"service-box \"><div class=\"extrabox\"><figure class=\"icon\"><i class=\"icon-suitcase\"><\/i><span>4<\/span><\/figure><\/div><div class=\"service-box_body\"><h2 class=\"title\"><a href=\"http:\/\/sea-solucoes.com\/site\/servicos\/servicos-seguranca-contra-incendios\/\" title=\"Seguran\u00e7a contra inc\u00eandios\" target=\"_self\">Seguran\u00e7a contra inc\u00eandios<\/a><\/h2><h5 class=\"sub-title\">servi\u00e7os<\/h5><div class=\"service-box_txt\">Forma\u00e7\u00e3o na execu\u00e7\u00e3o dos procedimentos de preven\u00e7\u00e3o e emerg\u00eancia.<\/div><div class=\"btn-align\"><a href=\"http:\/\/sea-solucoes.com\/site\/servicos\/servicos-seguranca-contra-incendios\/\" title=\"Mais info\" class=\"btn btn-inverse btn-normal btn-primary \" target=\"_self\">Mais info<\/a><\/div><\/div><\/div><!-- \/Service Box --><\/section><\/div><div class=\"span3 \"><section class=\"lazy-load-box trigger effect-slidefromleft \" data-delay=\"280\" data-speed=\"400\" style=\"-webkit-transition: all 400ms ease; -moz-transition: all 400ms ease; -ms-transition: all 400ms ease; -o-transition: all 400ms ease; transition: all 400ms ease;\"><div class=\"service-box \"><div class=\"extrabox\"><figure class=\"icon\"><i class=\"icon-suitcase\"><\/i><span>4<\/span><\/figure><\/div><div class=\"service-box_body\"><h2 class=\"title\"><a href=\"http:\/\/sea-solucoes.com\/site\/servicos\/servicos-licenciamentos\/\" title=\"Licen\u00e7as\" target=\"_self\">Licen\u00e7as<\/a><\/h2><h5 class=\"sub-title\">servi\u00e7os<\/h5><div class=\"service-box_txt\">Departamento t\u00e9cnico dedicado \u00e0 instru\u00e7\u00e3o, acompanhamento e esclarecimento de processos de licenciamento.<\/div><div class=\"btn-align\"><a href=\"http:\/\/sea-solucoes.com\/site\/servicos\/servicos-licenciamentos\/\" title=\"Mais info\" class=\"btn btn-inverse btn-normal btn-primary \" target=\"_self\">Mais info<\/a><\/div><\/div><\/div><!-- \/Service Box --><\/section><\/div><div class=\"span4 \"><section class=\"lazy-load-box trigger effect-slidefromright \" data-delay=\"180\" data-speed=\"400\" style=\"-webkit-transition: all 400ms ease; -moz-transition: all 400ms ease; -ms-transition: all 400ms ease; -o-transition: all 400ms ease; transition: all 400ms ease;\">\n<h2>17 anos de experi\u00eancia<\/h2>\n<h3><img loading=\"lazy\" class=\"extraimg1 alignleft wp-image-1931 size-full\" src=\"http:\/\/sea-solucoes.com\/site\/wp-content\/uploads\/2016\/06\/page1_img1.jpg\" alt=\"page1_img1\" width=\"170\" height=\"116\" \/><a href=\"http:\/\/www.sea-solucoes.com\/site\/sobre-nos\/\" rel=\"nofollow\">Quem somos<\/a><\/h3>\n<h4><span style=\"color: #262525;\">Durante os \u00faltimos 17 anos a\u00a0equipa de colaboradores da SEA Solu\u00e7\u00f5es, adquiriu e comprovou a sua experi\u00eancia na presta\u00e7\u00e3o de servi\u00e7os de higiene e seguran\u00e7a e sa\u00fade no trabalho, Haccp, ambiente e licenciamentos Industriais e operadores de gest\u00e3o de res\u00edduos.<\/span><\/h4>\n<\/section><\/div><div class=\"span4 \"><section class=\"lazy-load-box trigger effect-slidefromright \" data-delay=\"280\" data-speed=\"400\" style=\"-webkit-transition: all 400ms ease; -moz-transition: all 400ms ease; -ms-transition: all 400ms ease; -o-transition: all 400ms ease; transition: all 400ms ease;\">\n<h2>Temos uma<br \/>\nproposta \u00e0 sua medida...<\/h2>\n<h3><a href=\"http:\/\/sea-solucoes.com\/site\/tipo-de-adesao\">Contacte-nos...<\/a><br \/>\nFazemos propostas personalizadas e adequadas\u00a0\u00a0\u00e0 sua realidade!<\/h3>\n<p>&nbsp;<\/p>\n<\/section><\/div><div class=\"span4 \"><section class=\"lazy-load-box trigger effect-slidefromright \" data-delay=\"380\" data-speed=\"400\" style=\"-webkit-transition: all 400ms ease; -moz-transition: all 400ms ease; -ms-transition: all 400ms ease; -o-transition: all 400ms ease; transition: all 400ms ease;\">\n<h2><span style=\"color: #8dbf41;\">Porqu\u00ea<br \/>\nescolher a SEA Solu\u00e7\u00f5es ?<\/span><\/h2>\n<h3>Somos uma empresa din\u00e2mica com todos os recursos t\u00e9cnicos e humanos para responder \u00e0s suas necessidades.<\/h3>\n<h4>Prestamos servi\u00e7os \u00e0s mais variadas \u00e1reas de neg\u00f3cio.<\/h4>\n<div class=\"extra-wrap\"><a href=\"http:\/\/sea-solucoes.com\/site\/clientes\/\" title=\"Mais info\" class=\"btn btn-primary btn-normal btn-inline \" target=\"_self\">Mais info<\/a><!-- .btn --><\/div><\/section><\/div><\/div><!-- .row (end) --><div class=\"spacer\"><\/div><!-- .spacer (end) --><div class=\"row \"><div class=\"span8 \"><section class=\"lazy-load-box trigger effect-slidefromright \" data-delay=\"480\" data-speed=\"400\" style=\"-webkit-transition: all 400ms ease; -moz-transition: all 400ms ease; -ms-transition: all 400ms ease; -o-transition: all 400ms ease; transition: all 400ms ease;\">\n<h2>O nosso compromisso...<\/h2>\n<h3><img loading=\"lazy\" class=\"extraimg1 alignleft wp-image-1962 size-full\" src=\"http:\/\/sea-solucoes.com\/site\/wp-content\/uploads\/2016\/06\/page1_img2.jpg\" alt=\"page1_img2\" width=\"170\" height=\"116\" \/><a href=\"http:\/\/sea-solucoes.com\/site\/sobre-nos\/\">Prestar todos os\u00a0servi\u00e7os necess\u00e1rios<u><span style=\"color: #0066cc;\">\u00a0<\/span><\/u>para a sua empresa estar em conformidade com os requisitos legais necess\u00e1rios.<\/a><\/h3>\n<p>&nbsp;<\/p>\n<p>&nbsp;<\/p>\n<p>&nbsp;<\/p>\n<\/section><\/div><div class=\"span4 \"><section class=\"lazy-load-box trigger effect-slidefromright \" data-delay=\"380\" data-speed=\"400\" style=\"-webkit-transition: all 400ms ease; -moz-transition: all 400ms ease; -ms-transition: all 400ms ease; -o-transition: all 400ms ease; transition: all 400ms ease;\">\n<h2>Artigos\u00a0recentes<\/h2>\n<ul class=\"recent-posts  unstyled\"><li class=\"recent-posts_li post-5040 post type-post status-publish format-standard has-post-thumbnail hentry category-noticias category-higiene-seguranca-trabalho cat-38-id cat-61-id  list-item-0\"><span class=\"meta\"><span class=\"post-date\">29<em>Abr<\/em><\/span><\/span><h5><a href=\"https:\/\/sea-solucoes.com\/site\/seguranca-no-trabalho-prevencao-de-riscos-e-responsabilidade-empresarial\/\" title=\"SEGURAN\u00c7A NO TRABALHO: PREVEN\u00c7\u00c3O DE RISCOS E RESPONSABILIDADE EMPRESARIAL\">SEGURAN\u00c7A NO TRABALHO: PREVEN\u00c7\u00c3O DE RISCOS E RESPONSABILIDADE EMPRESARIAL<\/a><\/h5><div class=\"excerpt\">A Seguran\u00e7a e Sa\u00fade no Trabalho \u00e9 um dever... <\/div><div class=\"clear\"><\/div><\/li><!-- .entry (end) --><li class=\"recent-posts_li post-5050 post type-post status-publish format-standard has-post-thumbnail hentry category-noticias category-higiene-seguranca-trabalho cat-38-id cat-61-id  list-item-1\"><span class=\"meta\"><span class=\"post-date\">29<em>Abr<\/em><\/span><\/span><h5><a href=\"https:\/\/sea-solucoes.com\/site\/acidentes-de-trabalho-como-prevenir-agir-e-reduzir-impactos-na-empresa\/\" title=\"ACIDENTES DE TRABALHO: COMO PREVENIR, AGIR E REDUZIR IMPACTOS NA EMPRESA\">ACIDENTES DE TRABALHO: COMO PREVENIR, AGIR E REDUZIR IMPACTOS NA EMPRESA<\/a><\/h5><div class=\"excerpt\">Os acidentes de trabalho continuam a representar um dos... <\/div><div class=\"clear\"><\/div><\/li><!-- .entry (end) --><li class=\"recent-posts_li post-5028 post type-post status-publish format-standard has-post-thumbnail hentry category-noticias category-psicologia-trabalho cat-38-id cat-54-id  list-item-2\"><span class=\"meta\"><span class=\"post-date\">26<em>Mar<\/em><\/span><\/span><h5><a href=\"https:\/\/sea-solucoes.com\/site\/psicologia-nas-empresas\/\" title=\"PSICOLOGIA NAS EMPRESAS\">PSICOLOGIA NAS EMPRESAS<\/a><\/h5><div class=\"excerpt\">As empresas que crescem de forma sustent\u00e1vel t\u00eam algo... <\/div><div class=\"clear\"><\/div><\/li><!-- .entry (end) --><\/ul><!-- .recent-posts (end) --><\/section><\/div><\/div><!-- .row (end) -->\n","protected":false},"excerpt":{"rendered":"","protected":false},"author":1,"featured_media":0,"parent":0,"menu_order":0,"comment_status":"open","ping_status":"closed","template":"page-home.php","meta":[],"yoast_head":"<!-- This site is optimized with the Yoast SEO plugin v15.5 - https:\/\/yoast.com\/wordpress\/plugins\/seo\/ -->\n<meta name=\"robots\" content=\"index, follow, max-snippet:-1, max-image-preview:large, max-video-preview:-1\" \/>\n<link rel=\"canonical\" href=\"https:\/\/sea-solucoes.com\/site\/\" \/>\n<meta property=\"og:locale\" content=\"pt_PT\" \/>\n<meta property=\"og:type\" content=\"article\" \/>\n<meta property=\"og:title\" content=\"Home - SEA Solu\u00e7\u00f5es\" \/>\n<meta property=\"og:url\" content=\"https:\/\/sea-solucoes.com\/site\/\" \/>\n<meta property=\"og:site_name\" content=\"SEA Solu\u00e7\u00f5es\" \/>\n<meta property=\"article:publisher\" content=\"https:\/\/www.facebook.com\/seasolucoes\" \/>\n<meta property=\"article:modified_time\" content=\"2025-07-07T16:22:04+00:00\" \/>\n<meta property=\"og:image\" content=\"http:\/\/sea-solucoes.com\/site\/wp-content\/uploads\/2016\/06\/page1_img1.jpg\" \/>\n<meta name=\"twitter:label1\" content=\"Est. reading time\">\n\t<meta name=\"twitter:data1\" content=\"3 minutos\">\n<script type=\"application\/ld+json\" class=\"yoast-schema-graph\">{\"@context\":\"https:\/\/schema.org\",\"@graph\":[{\"@type\":\"WebSite\",\"@id\":\"https:\/\/sea-solucoes.com\/site\/#website\",\"url\":\"https:\/\/sea-solucoes.com\/site\/\",\"name\":\"SEA Solu\\u00e7\\u00f5es\",\"description\":\"Servi\\u00e7os de Higiene, seguran\\u00e7a e sa\\u00fade no trabalho, Higiene e seguran\\u00e7a alimentar Haccp, Ambiente e Licenciamentos Industriais e Operadores de Gest\\u00e3o de Res\\u00edduos. Forma\\u00e7\\u00e3o e medi\\u00e7\\u00f5es. Psicologia no trabalho. Seguran\\u00e7a contra inc\\u00eandios. \\u00c1guas Santas - Maia - Porto\",\"potentialAction\":[{\"@type\":\"SearchAction\",\"target\":\"https:\/\/sea-solucoes.com\/site\/?s={search_term_string}\",\"query-input\":\"required name=search_term_string\"}],\"inLanguage\":\"pt-PT\"},{\"@type\":\"ImageObject\",\"@id\":\"https:\/\/sea-solucoes.com\/site\/#primaryimage\",\"inLanguage\":\"pt-PT\",\"url\":\"http:\/\/sea-solucoes.com\/site\/wp-content\/uploads\/2016\/06\/page1_img1.jpg\"},{\"@type\":\"WebPage\",\"@id\":\"https:\/\/sea-solucoes.com\/site\/#webpage\",\"url\":\"https:\/\/sea-solucoes.com\/site\/\",\"name\":\"Home - SEA Solu\\u00e7\\u00f5es\",\"isPartOf\":{\"@id\":\"https:\/\/sea-solucoes.com\/site\/#website\"},\"primaryImageOfPage\":{\"@id\":\"https:\/\/sea-solucoes.com\/site\/#primaryimage\"},\"datePublished\":\"2011-09-14T09:45:02+00:00\",\"dateModified\":\"2025-07-07T16:22:04+00:00\",\"inLanguage\":\"pt-PT\",\"potentialAction\":[{\"@type\":\"ReadAction\",\"target\":[\"https:\/\/sea-solucoes.com\/site\/\"]}]}]}<\/script>\n<!-- \/ Yoast SEO plugin. -->","_links":{"self":[{"href":"https:\/\/sea-solucoes.com\/site\/wp-json\/wp\/v2\/pages\/203"}],"collection":[{"href":"https:\/\/sea-solucoes.com\/site\/wp-json\/wp\/v2\/pages"}],"about":[{"href":"https:\/\/sea-solucoes.com\/site\/wp-json\/wp\/v2\/types\/page"}],"author":[{"embeddable":true,"href":"https:\/\/sea-solucoes.com\/site\/wp-json\/wp\/v2\/users\/1"}],"replies":[{"embeddable":true,"href":"https:\/\/sea-solucoes.com\/site\/wp-json\/wp\/v2\/comments?post=203"}],"version-history":[{"count":69,"href":"https:\/\/sea-solucoes.com\/site\/wp-json\/wp\/v2\/pages\/203\/revisions"}],"predecessor-version":[{"id":4904,"href":"https:\/\/sea-solucoes.com\/site\/wp-json\/wp\/v2\/pages\/203\/revisions\/4904"}],"wp:attachment":[{"href":"https:\/\/sea-solucoes.com\/site\/wp-json\/wp\/v2\/media?parent=203"}],"curies":[{"name":"wp","href":"https:\/\/api.w.org\/{rel}","templated":true}]}}