{"id":1797,"date":"2011-07-14T19:45:29","date_gmt":"2011-07-14T19:45:29","guid":{"rendered":"http:\/\/sea-solucoes.com\/site\/about\/"},"modified":"2016-06-30T12:16:17","modified_gmt":"2016-06-30T11:16:17","slug":"sobre-nos","status":"publish","type":"page","link":"https:\/\/sea-solucoes.com\/site\/sobre-nos\/","title":{"rendered":"Quem somos"},"content":{"rendered":"<div class=\"row \">\n<div class=\"span8 \"><h3><strong>A\u00a0S.E.A, Business Solutions Lda., nasceu com o objetivo de dar resposta aos seus clientes.<\/strong><\/h3>\n<h4><strong> Neste sentido estruturou-se de forma a poder prestar aos seus clientes um\u00a0apoio permanente, quer do ponto de vista de informa\u00e7\u00e3o jur\u00eddica e t\u00e9cnica, quer atrav\u00e9s de assessoria na adequa\u00e7\u00e3o de pr\u00e1ticas e ainda pela realiza\u00e7\u00e3o de inspe\u00e7\u00f5es preventivas e auditorias.<\/strong><\/h4>\n<h4>Apoiando os clientes na implementa\u00e7\u00e3o de Sistemas de acordo com as atuais obriga\u00e7\u00f5es legais pretende-se a <strong>melhoria das condi\u00e7\u00f5es de trabalho, o aumento da produtividade da empresa e a satisfa\u00e7\u00e3o dos colaboradores.<\/strong><\/h4>\n<p>&nbsp;<\/p>\n<h2><span style=\"color: #8dbf41;\">Miss\u00e3o<\/span><\/h2>\n<h4><strong>A nossa MISS\u00c3O \u00e9 oferecer solu\u00e7\u00f5es ao cliente para este assegurar as melhores condi\u00e7\u00f5es na sua empresa no \u00e2mbito da Higiene, Seguran\u00e7a e Ambiente.<\/strong><\/h4>\n<p>&nbsp;<\/p>\n<h2><span style=\"color: #8dbf41;\">Valores<\/span><\/h2>\n<h4><strong><span style=\"color: #8dbf41;\">- Compromisso<\/span>\u00a0com o cliente na procura de solu\u00e7\u00f5es para a sua empresa.<\/strong><br \/>\n<strong> <span style=\"color: #8dbf41;\">- Respeito<\/span>\u00a0pelo cliente no sentido de honrar com tudo aquilo que nos propomos,<\/strong><br \/>\n<strong> <span style=\"color: #8dbf41;\">- <span style=\"color: #8dbf41;\">Elevada<\/span><\/span>\u00a0compet\u00eancia dos nossos colaboradores.<\/strong><br \/>\n<strong> <span style=\"color: #8dbf41;\">- <span style=\"color: #8dbf41;\">Persist\u00eancia<\/span><\/span>\u00a0na melhoria das condi\u00e7\u00f5es de trabalho.<\/strong><br \/>\n<strong> <span style=\"color: #8dbf41;\">- <span style=\"color: #8dbf41;\">Honestidade<\/span><\/span>\u00a0\u00e9 a chave do sucesso.<\/strong><\/h4>\n<p>&nbsp;<\/p>\n<h4><strong>Acreditamos que\u00a0<span style=\"color: #8dbf41;\"><span style=\"color: #8dbf41;\">Trabalho de Equipa e Servi\u00e7o Personalizado<\/span><\/span>\u00a0s\u00e3o a conjuga\u00e7\u00e3o perfeita para crescermos juntos.<\/strong><\/h4>\n<p>&nbsp;<\/p>\n<p>&nbsp;<\/p>\n<div class=\"row \">\n<p>&nbsp;<\/p>\n<p>&nbsp;<\/p>\n<\/div> <!-- .row (end) --><\/div>\n<p>&nbsp;<\/p>\n<\/div><!-- .row (end) -->\n<div class=\"spacer\"><\/div><!-- .spacer (end) -->\n<div class=\"spacer\"><\/div><!-- .spacer (end) -->\n<h2><\/h2>\n<p><script src=\"https:\/\/mylivechat.com\/chatinline.aspx?hccid=96516801\" async=\"async\" defer=\"defer\" type=\"text\/javascript\" data-cfasync=\"false\"><\/script><\/p>\n","protected":false},"excerpt":{"rendered":"","protected":false},"author":1,"featured_media":0,"parent":0,"menu_order":1,"comment_status":"closed","ping_status":"closed","template":"page-fullwidth.php","meta":[],"yoast_head":"<!-- This site is optimized with the Yoast SEO plugin v15.5 - https:\/\/yoast.com\/wordpress\/plugins\/seo\/ -->\n<meta name=\"robots\" content=\"index, follow, max-snippet:-1, max-image-preview:large, max-video-preview:-1\" \/>\n<link rel=\"canonical\" href=\"https:\/\/sea-solucoes.com\/site\/sobre-nos\/\" \/>\n<meta property=\"og:locale\" content=\"pt_PT\" \/>\n<meta property=\"og:type\" content=\"article\" \/>\n<meta property=\"og:title\" content=\"Quem somos - SEA Solu\u00e7\u00f5es\" \/>\n<meta property=\"og:url\" content=\"https:\/\/sea-solucoes.com\/site\/sobre-nos\/\" \/>\n<meta property=\"og:site_name\" content=\"SEA Solu\u00e7\u00f5es\" \/>\n<meta property=\"article:publisher\" content=\"https:\/\/www.facebook.com\/seasolucoes\" \/>\n<meta property=\"article:modified_time\" content=\"2016-06-30T11:16:17+00:00\" \/>\n<meta name=\"twitter:label1\" content=\"Est. reading time\">\n\t<meta name=\"twitter:data1\" content=\"1 minuto\">\n<script type=\"application\/ld+json\" class=\"yoast-schema-graph\">{\"@context\":\"https:\/\/schema.org\",\"@graph\":[{\"@type\":\"WebSite\",\"@id\":\"https:\/\/sea-solucoes.com\/site\/#website\",\"url\":\"https:\/\/sea-solucoes.com\/site\/\",\"name\":\"SEA Solu\\u00e7\\u00f5es\",\"description\":\"Servi\\u00e7os de Higiene, seguran\\u00e7a e sa\\u00fade no trabalho, Higiene e seguran\\u00e7a alimentar Haccp, Ambiente e Licenciamentos Industriais e Operadores de Gest\\u00e3o de Res\\u00edduos. Forma\\u00e7\\u00e3o e medi\\u00e7\\u00f5es. Psicologia no trabalho. Seguran\\u00e7a contra inc\\u00eandios. \\u00c1guas Santas - Maia - Porto\",\"potentialAction\":[{\"@type\":\"SearchAction\",\"target\":\"https:\/\/sea-solucoes.com\/site\/?s={search_term_string}\",\"query-input\":\"required name=search_term_string\"}],\"inLanguage\":\"pt-PT\"},{\"@type\":\"WebPage\",\"@id\":\"https:\/\/sea-solucoes.com\/site\/sobre-nos\/#webpage\",\"url\":\"https:\/\/sea-solucoes.com\/site\/sobre-nos\/\",\"name\":\"Quem somos - SEA Solu\\u00e7\\u00f5es\",\"isPartOf\":{\"@id\":\"https:\/\/sea-solucoes.com\/site\/#website\"},\"datePublished\":\"2011-07-14T19:45:29+00:00\",\"dateModified\":\"2016-06-30T11:16:17+00:00\",\"inLanguage\":\"pt-PT\",\"potentialAction\":[{\"@type\":\"ReadAction\",\"target\":[\"https:\/\/sea-solucoes.com\/site\/sobre-nos\/\"]}]}]}<\/script>\n<!-- \/ Yoast SEO plugin. -->","_links":{"self":[{"href":"https:\/\/sea-solucoes.com\/site\/wp-json\/wp\/v2\/pages\/1797"}],"collection":[{"href":"https:\/\/sea-solucoes.com\/site\/wp-json\/wp\/v2\/pages"}],"about":[{"href":"https:\/\/sea-solucoes.com\/site\/wp-json\/wp\/v2\/types\/page"}],"author":[{"embeddable":true,"href":"https:\/\/sea-solucoes.com\/site\/wp-json\/wp\/v2\/users\/1"}],"replies":[{"embeddable":true,"href":"https:\/\/sea-solucoes.com\/site\/wp-json\/wp\/v2\/comments?post=1797"}],"version-history":[{"count":17,"href":"https:\/\/sea-solucoes.com\/site\/wp-json\/wp\/v2\/pages\/1797\/revisions"}],"predecessor-version":[{"id":2352,"href":"https:\/\/sea-solucoes.com\/site\/wp-json\/wp\/v2\/pages\/1797\/revisions\/2352"}],"wp:attachment":[{"href":"https:\/\/sea-solucoes.com\/site\/wp-json\/wp\/v2\/media?parent=1797"}],"curies":[{"name":"wp","href":"https:\/\/api.w.org\/{rel}","templated":true}]}}