{"id":14,"date":"2011-07-14T19:47:05","date_gmt":"2011-07-14T19:47:05","guid":{"rendered":"http:\/\/sea-solucoes.com\/site\/contacts\/"},"modified":"2023-01-02T20:14:04","modified_gmt":"2023-01-02T19:14:04","slug":"contactos","status":"publish","type":"page","link":"https:\/\/sea-solucoes.com\/site\/contactos\/","title":{"rendered":"Contactos"},"content":{"rendered":"<br>\r\n<h2 style=\"text-align: center;\">&nbsp;<\/h2>\r\n<h3 style=\"text-align: center;\"><strong>FIXO&nbsp;: <\/strong>220 101 411 - Chamada para a rede fixa nacional <\/h3>\r\n<h3 style=\"text-align: center;\"><strong>FAX :&nbsp; <\/strong>220 128 141 - Chamada para a rede fixa nacional <strong><br><\/strong><\/h3>\r\n<h3 style=\"text-align: center;\"><strong>TM : <\/strong>938 604 881 - Chamada para rede m\u00f3vel nacional<strong><br><\/strong><\/h3>\r\n<h3 style=\"text-align: center;\"><strong>TM : <\/strong>933 755&nbsp;409 - Chamada para rede m\u00f3vel nacional<\/h3>\r\n<h3 style=\"text-align: center;\"><strong>EMAIL : <\/strong>geral@sea-solucoes.com<\/h3>\r\n<p>&nbsp;<\/p>\r\n<br>\r\n<br>\r\n<hr>\r\n<br>\r\n<br>\r\n<h3 style=\"text-align: center;\">&nbsp;<\/h3>\r\n<h3 style=\"text-align: center;\"><strong>Formul\u00e1rio :<\/strong><\/h3>\r\n<h5 style=\"text-align: center;\"><div role=\"form\" class=\"wpcf7\" id=\"wpcf7-f3086-o1\" lang=\"pt-PT\" dir=\"ltr\">\n<div class=\"screen-reader-response\"><p role=\"status\" aria-live=\"polite\" aria-atomic=\"true\"><\/p> <ul><\/ul><\/div>\n<form action=\"\/site\/wp-json\/wp\/v2\/pages\/14#wpcf7-f3086-o1\" method=\"post\" class=\"wpcf7-form init\" novalidate=\"novalidate\" data-status=\"init\">\n<div style=\"display: none;\">\n<input type=\"hidden\" name=\"_wpcf7\" value=\"3086\" \/>\n<input type=\"hidden\" name=\"_wpcf7_version\" value=\"5.3.1\" \/>\n<input type=\"hidden\" name=\"_wpcf7_locale\" value=\"pt_PT\" \/>\n<input type=\"hidden\" name=\"_wpcf7_unit_tag\" value=\"wpcf7-f3086-o1\" \/>\n<input type=\"hidden\" name=\"_wpcf7_container_post\" value=\"0\" \/>\n<input type=\"hidden\" name=\"_wpcf7_posted_data_hash\" value=\"\" \/>\n<\/div>\n<p>O seu nome (obrigat\u00f3rio)<br \/>\n    <span class=\"wpcf7-form-control-wrap your-name\"><input type=\"text\" name=\"your-name\" value=\"\" size=\"40\" class=\"wpcf7-form-control wpcf7-text wpcf7-validates-as-required\" aria-required=\"true\" aria-invalid=\"false\" \/><\/span> <\/p>\n<p>O seu email (obrigat\u00f3rio)<br \/>\n    <span class=\"wpcf7-form-control-wrap your-email\"><input type=\"email\" name=\"your-email\" value=\"\" size=\"40\" class=\"wpcf7-form-control wpcf7-text wpcf7-email wpcf7-validates-as-required wpcf7-validates-as-email\" aria-required=\"true\" aria-invalid=\"false\" \/><\/span> <\/p>\n<p>Assunto<br \/>\n    <span class=\"wpcf7-form-control-wrap your-subject\"><input type=\"text\" name=\"your-subject\" value=\"\" size=\"40\" class=\"wpcf7-form-control wpcf7-text\" aria-invalid=\"false\" \/><\/span> <\/p>\n<p>A sua mensagem<br \/>\n    <span class=\"wpcf7-form-control-wrap your-message\"><textarea name=\"your-message\" cols=\"40\" rows=\"10\" class=\"wpcf7-form-control wpcf7-textarea\" aria-invalid=\"false\"><\/textarea><\/span> <\/p>\n<p><br><br \/>\n<span class=\"wpcf7-form-control-wrap acceptance-23\"><span class=\"wpcf7-form-control wpcf7-acceptance\"><span class=\"wpcf7-list-item\"><label><input type=\"checkbox\" name=\"acceptance-23\" value=\"1\" aria-invalid=\"false\" \/><span class=\"wpcf7-list-item-label\">Autorizo o tratamento dos meus dados pessoais, por forma a S.E.A Business Solutions Lda contactar-me no \u00e2mbito dos servi\u00e7os comercializados.<\/span><\/label><\/span><\/span><\/span><\/p>\n<p><span class=\"wpcf7-form-control-wrap acceptance-651\"><span class=\"wpcf7-form-control wpcf7-acceptance\"><span class=\"wpcf7-list-item\"><label><input type=\"checkbox\" name=\"acceptance-651\" value=\"1\" aria-invalid=\"false\" \/><span class=\"wpcf7-list-item-label\">Aceito a pol\u00edtica de privacidade de dados da S.E.A Business Solutions Lda<\/span><\/label><\/span><\/span><\/span><br \/>\n<em>Consultar a pol\u00edtica de privacidade de dados atrav\u00e9s do link dispon\u00edvel no rodap\u00e9 desta p\u00e1gina.<\/em><\/p>\n<p><input type=\"submit\" value=\"Enviar\" class=\"wpcf7-form-control wpcf7-submit\" \/><\/p>\n<div class=\"inv-recaptcha-holder\"><\/div><div class=\"wpcf7-response-output\" aria-hidden=\"true\"><\/div><\/form><\/div><\/h5>\r\n<p><br>\r\n<script src=\"https:\/\/mylivechat.com\/chatinline.aspx?hccid=96516801\" async=\"async\" defer=\"defer\" type=\"text\/javascript\" data-cfasync=\"false\"><\/script>\r\n<\/p>\r\n\r\n\r\n<p><\/p>\r\n","protected":false},"excerpt":{"rendered":"&nbsp; FIXO&nbsp;: 220 101 411 - Chamada para a rede fixa nacional FAX :&nbsp; 220 128 141 - Chamada para a rede fixa nacional TM : 938 604 881 - Chamada para rede m\u00f3vel nacional TM : 933 755&nbsp;409 - Chamada para rede m\u00f3vel nacional EMAIL : geral@sea-solucoes.com &nbsp; &nbsp; Formul\u00e1rio :","protected":false},"author":1,"featured_media":0,"parent":0,"menu_order":6,"comment_status":"open","ping_status":"closed","template":"page-fullwidth.php","meta":[],"yoast_head":"<!-- This site is optimized with the Yoast SEO plugin v15.5 - https:\/\/yoast.com\/wordpress\/plugins\/seo\/ -->\n<meta name=\"robots\" content=\"index, follow, max-snippet:-1, max-image-preview:large, max-video-preview:-1\" \/>\n<link rel=\"canonical\" href=\"https:\/\/sea-solucoes.com\/site\/contactos\/\" \/>\n<meta property=\"og:locale\" content=\"pt_PT\" \/>\n<meta property=\"og:type\" content=\"article\" \/>\n<meta property=\"og:title\" content=\"Contactos - SEA Solu\u00e7\u00f5es\" \/>\n<meta property=\"og:description\" content=\"&nbsp; FIXO&nbsp;: 220 101 411 - Chamada para a rede fixa nacional FAX :&nbsp; 220 128 141 - Chamada para a rede fixa nacional TM : 938 604 881 - Chamada para rede m\u00f3vel nacional TM : 933 755&nbsp;409 - Chamada para rede m\u00f3vel nacional EMAIL : geral@sea-solucoes.com &nbsp; &nbsp; Formul\u00e1rio :\" \/>\n<meta property=\"og:url\" content=\"https:\/\/sea-solucoes.com\/site\/contactos\/\" \/>\n<meta property=\"og:site_name\" content=\"SEA Solu\u00e7\u00f5es\" \/>\n<meta property=\"article:publisher\" content=\"https:\/\/www.facebook.com\/seasolucoes\" \/>\n<meta property=\"article:modified_time\" content=\"2023-01-02T19:14:04+00:00\" \/>\n<meta name=\"twitter:label1\" content=\"Est. reading time\">\n\t<meta name=\"twitter:data1\" content=\"0 minutos\">\n<script type=\"application\/ld+json\" class=\"yoast-schema-graph\">{\"@context\":\"https:\/\/schema.org\",\"@graph\":[{\"@type\":\"WebSite\",\"@id\":\"https:\/\/sea-solucoes.com\/site\/#website\",\"url\":\"https:\/\/sea-solucoes.com\/site\/\",\"name\":\"SEA Solu\\u00e7\\u00f5es\",\"description\":\"Servi\\u00e7os de Higiene, seguran\\u00e7a e sa\\u00fade no trabalho, Higiene e seguran\\u00e7a alimentar Haccp, Ambiente e Licenciamentos Industriais e Operadores de Gest\\u00e3o de Res\\u00edduos. Forma\\u00e7\\u00e3o e medi\\u00e7\\u00f5es. Psicologia no trabalho. Seguran\\u00e7a contra inc\\u00eandios. \\u00c1guas Santas - Maia - Porto\",\"potentialAction\":[{\"@type\":\"SearchAction\",\"target\":\"https:\/\/sea-solucoes.com\/site\/?s={search_term_string}\",\"query-input\":\"required name=search_term_string\"}],\"inLanguage\":\"pt-PT\"},{\"@type\":\"WebPage\",\"@id\":\"https:\/\/sea-solucoes.com\/site\/contactos\/#webpage\",\"url\":\"https:\/\/sea-solucoes.com\/site\/contactos\/\",\"name\":\"Contactos - SEA Solu\\u00e7\\u00f5es\",\"isPartOf\":{\"@id\":\"https:\/\/sea-solucoes.com\/site\/#website\"},\"datePublished\":\"2011-07-14T19:47:05+00:00\",\"dateModified\":\"2023-01-02T19:14:04+00:00\",\"inLanguage\":\"pt-PT\",\"potentialAction\":[{\"@type\":\"ReadAction\",\"target\":[\"https:\/\/sea-solucoes.com\/site\/contactos\/\"]}]}]}<\/script>\n<!-- \/ Yoast SEO plugin. -->","_links":{"self":[{"href":"https:\/\/sea-solucoes.com\/site\/wp-json\/wp\/v2\/pages\/14"}],"collection":[{"href":"https:\/\/sea-solucoes.com\/site\/wp-json\/wp\/v2\/pages"}],"about":[{"href":"https:\/\/sea-solucoes.com\/site\/wp-json\/wp\/v2\/types\/page"}],"author":[{"embeddable":true,"href":"https:\/\/sea-solucoes.com\/site\/wp-json\/wp\/v2\/users\/1"}],"replies":[{"embeddable":true,"href":"https:\/\/sea-solucoes.com\/site\/wp-json\/wp\/v2\/comments?post=14"}],"version-history":[{"count":35,"href":"https:\/\/sea-solucoes.com\/site\/wp-json\/wp\/v2\/pages\/14\/revisions"}],"predecessor-version":[{"id":4372,"href":"https:\/\/sea-solucoes.com\/site\/wp-json\/wp\/v2\/pages\/14\/revisions\/4372"}],"wp:attachment":[{"href":"https:\/\/sea-solucoes.com\/site\/wp-json\/wp\/v2\/media?parent=14"}],"curies":[{"name":"wp","href":"https:\/\/api.w.org\/{rel}","templated":true}]}}